{"id":2,"date":"2016-07-28T16:18:08","date_gmt":"2016-07-28T23:18:08","guid":{"rendered":"http:\/\/charlie.flashvote.com\/?page_id=2"},"modified":"2026-04-05T16:14:05","modified_gmt":"2026-04-05T23:14:05","slug":"home","status":"publish","type":"page","link":"https:\/\/charlie.flashvote.com\/es\/","title":{"rendered":"P\u00e1gina Principal"},"content":{"rendered":"\n<style>\n\/* Common CSS for sales pages, temp *\/\n.main-content, .cms-content-sales .main-content {\n  padding-top: 0;\n  padding-bottom: 0;\n  font-size: 1.2rem;\n}\n\nh1 {\n  font-size: 3rem;\n  margin-top: 2ex;\n  margin-bottom: 1ex;\n  font-weight: bold;\n  text-align: center;\n  color: #000;\n}\n\n.wp-block-cover h1 {\n  margin-top: 0 !important;\n}\n\nh2 {\n  font-size: 2.5rem;\n}\n\nh2, h3, h4 {\n  color: black;\n  font-weight: bold;\n  text-align: center;\n}\n\n.wp-block-embed__wrapper {\n  text-align: center;\n  margin: 2rem auto;\n  max-width: 800px;\n  max-height: 450px;\n}\n\n.wp-block-button__link {\n  background-color: #CD2828;\n  color: white;\n  font-size: 1rem;\n  padding: 1ex 1em;\n  text-transform: uppercase;\n  border-radius: 4px;\n}\n\n.wp-block-button.secondary .wp-block-button__link {\n  background-color: #2368a6;\n}\n\n.wp-block-button.is-style-outline .wp-block-button__link {\n  color: #CD2828;\n  border-color: #CD2828;\n  border-width: 1px;\n}\n\n.wp-block-button.is-style-outline.secondary .wp-block-button__link {\n  color: #2368a6;\n  border-color: #2368a6;\n}\n\n.cms-content-sales .main-content [id]::before {\n  content: '';\n  display: block;\n  height:      75px;\n  margin-top: -75px;\n  visibility: hidden;\n}\n<\/style>\n<style type=\"text\/css\" media=\"all\">\n.ticss-8b3ea485 {\n  padding-top: 3em;\n  padding-bottom: 3em;\n  margin-top: 2em;\n  margin-bottom: 2em;\n  border-top: 10px solid #2368a6;\n  border-bottom: 10px solid #2368a6;\n  background: #ececec;\n}\n\n.ticss-8b3ea485 h3 {\n  font-size: 1.675rem;\n  color: #222;\n  text-align: center;\n}\n\n.ticss-8b3ea485 a {\n  color: #222;\n}\n\n.ticss-8b3ea485 .link-color {\n  color: #2368a6;\n  margin: 0;\n}\n.ticss-214de3b4 {\n}\n.ticss-d246946d {\n}\n.ticss-1302104e {\n  padding-top: 2em;\n  padding-bottom: 2em;\n}\n\n<\/style>\n\n\n\n<div class=\"wp-block-group alignfull ticss-8b3ea485\"><div class=\"wp-block-group__inner-container\">\n<h3><a id=\"home-gov-cta\" href=\"\/government\"><i class=\"fas fa-university\"><\/i>&nbsp;\u00bfEst\u00e1 con un gobierno?&nbsp;<span class=\"link-color\">Haga click aqu\u00ed<\/span>&nbsp;para aprender como le podemos ayudar.<\/a><\/h3>\n<\/div><\/div>\n\n\n<div class=\"grid-container ticss-214de3b4 \">\n<div class=\"grid-x  ticss-d246946d\">\n<div class=\"cell large-offset-4 ticss-1302104e large-8 medium-12 small-12\">\n\n<h2 class=\"tagline\">\u00bfPor qu\u00e9 FlashVote?<\/h2>\n\n\n\n<p>Los gobiernos necesitan de su ayuda. Quieren saber qu\u00e9 pueden hacer mejor, m\u00e1s r\u00e1pido, m\u00e1s barato y de forma diferente para sus comunidades. Pero normalmente solo oyen a unas pocas personas autoelegidas acerca de distintos asuntos. Y un voto cada varios a\u00f1os de personas comunes no le sirve demasiado a ellos (ni a usted).<\/p>\n\n\n\n<p>Imagine que pudiera &#8220;votar&#8221; acerca de cualquier tema en segundos, desde cualquier dispositivo de comunicaci\u00f3n, en cualquier momento. Los gobiernos podr\u00edan pedirle rutinariamente su opini\u00f3n o consejo. Usted podr\u00eda ofrecerles consejos o sugerencias en un santiam\u00e9n. \u00a1Bienvenido a FlashVote!<\/p>\n\n\n\n<p>La soluci\u00f3n de FlashVote combina una tecnolog\u00eda con patente pendiente y una normativa y servicios de dise\u00f1o de encuestas de primer nivel. Su comunidad proporciona los temas. Nosotros estructuramos, recolectamos e informamos cu\u00e1les fueron los comentarios de los ciudadanos. Podemos incluso brindar una an\u00e1lisis de normativas imparcial y sugerir mejores pr\u00e1cticas. El resultado es mejores decisiones tomadas por gobiernos y ciudadanos m\u00e1s felices.<\/p>\n\n\n\n<div class=\"wp-block-buttons\">\n<div class=\"wp-block-button get-started\"><a class=\"wp-block-button__link\">Comenzar<\/a><\/div>\n<\/div>\n\n\n\n<p><\/p>\n\n<\/div>\n<\/div>\n<\/div>","protected":false},"excerpt":{"rendered":"","protected":false},"author":1,"featured_media":0,"parent":2502,"menu_order":0,"comment_status":"closed","ping_status":"closed","template":"","meta":[],"translation":{"provider":"WPGlobus","version":"2.7.3","language":"es","enabled_languages":["en","es","vi","hm","ko","qc","fr"],"languages":{"en":{"title":true,"content":true,"excerpt":false},"es":{"title":true,"content":true,"excerpt":false},"vi":{"title":false,"content":false,"excerpt":false},"hm":{"title":false,"content":true,"excerpt":false},"ko":{"title":true,"content":true,"excerpt":false},"qc":{"title":false,"content":true,"excerpt":false},"fr":{"title":false,"content":true,"excerpt":false}}},"blocks_css":"<!-- Not a GutenburgCSS theme -->","_links":{"self":[{"href":"https:\/\/charlie.flashvote.com\/es\/wp-json\/wp\/v2\/pages\/2"}],"collection":[{"href":"https:\/\/charlie.flashvote.com\/es\/wp-json\/wp\/v2\/pages"}],"about":[{"href":"https:\/\/charlie.flashvote.com\/es\/wp-json\/wp\/v2\/types\/page"}],"author":[{"embeddable":true,"href":"https:\/\/charlie.flashvote.com\/es\/wp-json\/wp\/v2\/users\/1"}],"replies":[{"embeddable":true,"href":"https:\/\/charlie.flashvote.com\/es\/wp-json\/wp\/v2\/comments?post=2"}],"version-history":[{"count":37,"href":"https:\/\/charlie.flashvote.com\/es\/wp-json\/wp\/v2\/pages\/2\/revisions"}],"predecessor-version":[{"id":4125,"href":"https:\/\/charlie.flashvote.com\/es\/wp-json\/wp\/v2\/pages\/2\/revisions\/4125"}],"up":[{"embeddable":true,"href":"https:\/\/charlie.flashvote.com\/es\/wp-json\/wp\/v2\/pages\/2502"}],"wp:attachment":[{"href":"https:\/\/charlie.flashvote.com\/es\/wp-json\/wp\/v2\/media?parent=2"}],"curies":[{"name":"wp","href":"https:\/\/api.w.org\/{rel}","templated":true}]}}