{"id":2,"date":"2016-07-28T16:18:08","date_gmt":"2016-07-28T23:18:08","guid":{"rendered":"http:\/\/charlie.flashvote.com\/?page_id=2"},"modified":"2026-04-05T16:14:05","modified_gmt":"2026-04-05T23:14:05","slug":"home","status":"publish","type":"page","link":"https:\/\/charlie.flashvote.com\/fr\/","title":{"rendered":"Home Page"},"content":{"rendered":"\n<style>\n\/* Common CSS for sales pages, temp *\/\n.main-content, .cms-content-sales .main-content {\n  padding-top: 0;\n  padding-bottom: 0;\n  font-size: 1.2rem;\n}\n\nh1 {\n  font-size: 3rem;\n  margin-top: 2ex;\n  margin-bottom: 1ex;\n  font-weight: bold;\n  text-align: center;\n  color: #000;\n}\n\n.wp-block-cover h1 {\n  margin-top: 0 !important;\n}\n\nh2 {\n  font-size: 2.5rem;\n}\n\nh2, h3, h4 {\n  color: black;\n  font-weight: bold;\n  text-align: center;\n}\n\n.wp-block-embed__wrapper {\n  text-align: center;\n  margin: 2rem auto;\n  max-width: 800px;\n  max-height: 450px;\n}\n\n.wp-block-button__link {\n  background-color: #CD2828;\n  color: white;\n  font-size: 1rem;\n  padding: 1ex 1em;\n  text-transform: uppercase;\n  border-radius: 4px;\n}\n\n.wp-block-button.secondary .wp-block-button__link {\n  background-color: #2368a6;\n}\n\n.wp-block-button.is-style-outline .wp-block-button__link {\n  color: #CD2828;\n  border-color: #CD2828;\n  border-width: 1px;\n}\n\n.wp-block-button.is-style-outline.secondary .wp-block-button__link {\n  color: #2368a6;\n  border-color: #2368a6;\n}\n\n.cms-content-sales .main-content [id]::before {\n  content: '';\n  display: block;\n  height:      75px;\n  margin-top: -75px;\n  visibility: hidden;\n}\n<\/style>\n<style type=\"text\/css\" media=\"all\">\n.ticss-8b3ea485 {\n  padding-top: 3em;\n  padding-bottom: 3em;\n  margin-top: 2em;\n  margin-bottom: 2em;\n  border-top: 10px solid #2368a6;\n  border-bottom: 10px solid #2368a6;\n  background: #ececec;\n}\n\n.ticss-8b3ea485 h3 {\n  font-size: 1.675rem;\n  color: #222;\n  text-align: center;\n}\n\n.ticss-8b3ea485 a {\n  color: #222;\n}\n\n.ticss-8b3ea485 .link-color {\n  color: #2368a6;\n  margin: 0;\n}\n.ticss-214de3b4 {\n}\n.ticss-d246946d {\n}\n.ticss-1302104e {\n  padding-top: 2em;\n  padding-bottom: 2em;\n}\n\n<\/style>\n\n\n\n<div class=\"wp-block-group alignfull ticss-8b3ea485\"><div class=\"wp-block-group__inner-container\">\n<h3><a id=\"home-gov-cta\" href=\"\/government\"><i class=\"fas fa-university\"><\/i>&nbsp;\u00cates-vous avec un gouvernement?&nbsp;<span class=\"link-color\">Cliquez ici<\/span>&nbsp;pour d\u00e9couvrir comment nous vous aidons.<\/a><\/h3>\n<\/div><\/div>\n\n\n<div class=\"grid-container ticss-214de3b4 \">\n<div class=\"grid-x  ticss-d246946d\">\n<div class=\"cell large-offset-4 ticss-1302104e large-8 medium-12 small-12\">\n\n<h2 class=\"tagline\">Pourquoi FlashVote ?<\/h2>\n\n\n\n<p>Les gouvernements ont besoin de votre aide. Ils veulent savoir ce qu\u2019ils peuvent faire mieux, plus rapidement, moins cher et diff\u00e9remment pour leurs communaut\u00e9s. Mais ils n\u2019entendent g\u00e9n\u00e9ralement que quelques personnes auto-s\u00e9lectionn\u00e9es sur les questions abord\u00e9es. Et un vote toutes les quelques ann\u00e9es de la part de gens ordinaires ne leur fait pas grand bien (ni \u00e0 vous).<\/p>\n\n\n\n<p>Imaginez que vous puissiez \u00ab voter \u00bb sur n\u2019importe quel sujet en quelques secondes, depuis n\u2019importe quel appareil de communication et \u00e0 tout moment. Les gouvernements pourraient r\u00e9guli\u00e8rement vous demander votre avis ou vos conseils. Vous pouvez leur proposer des commentaires ou des suggestions en un \u00e9clair. Bienvenue sur FlashVote !<\/p>\n\n\n\n<p>La solution FlashVote combine une technologie en instance de brevet et une expertise de classe mondiale en mati\u00e8re de conception de politiques et d&#8217;enqu\u00eates. Votre communaut\u00e9 fournit les probl\u00e8mes. Nous structurons, collectons et rapportons toutes les contributions des r\u00e9sidents. Nous pouvons m\u00eame fournir une analyse politique impartiale et sugg\u00e9rer les meilleures pratiques. Il en r\u00e9sulte de meilleures d\u00e9cisions de la part des gouvernements et des r\u00e9sidents plus heureux.<\/p>\n\n\n\n<div class=\"wp-block-buttons\">\n<div class=\"wp-block-button get-started\"><a class=\"wp-block-button__link\">Commencer<\/a><\/div>\n<\/div>\n\n\n\n<p><\/p>\n\n<\/div>\n<\/div>\n<\/div>","protected":false},"excerpt":{"rendered":"","protected":false},"author":1,"featured_media":0,"parent":2502,"menu_order":0,"comment_status":"closed","ping_status":"closed","template":"","meta":[],"translation":{"provider":"WPGlobus","version":"2.7.3","language":"fr","enabled_languages":["en","es","vi","hm","ko","qc","fr"],"languages":{"en":{"title":true,"content":true,"excerpt":false},"es":{"title":true,"content":true,"excerpt":false},"vi":{"title":false,"content":false,"excerpt":false},"hm":{"title":false,"content":true,"excerpt":false},"ko":{"title":true,"content":true,"excerpt":false},"qc":{"title":false,"content":true,"excerpt":false},"fr":{"title":false,"content":true,"excerpt":false}}},"blocks_css":"<!-- Not a GutenburgCSS theme -->","_links":{"self":[{"href":"https:\/\/charlie.flashvote.com\/fr\/wp-json\/wp\/v2\/pages\/2"}],"collection":[{"href":"https:\/\/charlie.flashvote.com\/fr\/wp-json\/wp\/v2\/pages"}],"about":[{"href":"https:\/\/charlie.flashvote.com\/fr\/wp-json\/wp\/v2\/types\/page"}],"author":[{"embeddable":true,"href":"https:\/\/charlie.flashvote.com\/fr\/wp-json\/wp\/v2\/users\/1"}],"replies":[{"embeddable":true,"href":"https:\/\/charlie.flashvote.com\/fr\/wp-json\/wp\/v2\/comments?post=2"}],"version-history":[{"count":37,"href":"https:\/\/charlie.flashvote.com\/fr\/wp-json\/wp\/v2\/pages\/2\/revisions"}],"predecessor-version":[{"id":4125,"href":"https:\/\/charlie.flashvote.com\/fr\/wp-json\/wp\/v2\/pages\/2\/revisions\/4125"}],"up":[{"embeddable":true,"href":"https:\/\/charlie.flashvote.com\/fr\/wp-json\/wp\/v2\/pages\/2502"}],"wp:attachment":[{"href":"https:\/\/charlie.flashvote.com\/fr\/wp-json\/wp\/v2\/media?parent=2"}],"curies":[{"name":"wp","href":"https:\/\/api.w.org\/{rel}","templated":true}]}}